{"id":57,"date":"2024-06-11T07:04:39","date_gmt":"2024-06-11T07:04:39","guid":{"rendered":"https:\/\/xn--mhle-ramiswil-wob.ch\/cms\/?page_id=57"},"modified":"2024-09-23T13:36:58","modified_gmt":"2024-09-23T13:36:58","slug":"geschichte","status":"publish","type":"page","link":"https:\/\/xn--mhle-ramiswil-wob.ch\/cms\/?page_id=57","title":{"rendered":"Geschichte"},"content":{"rendered":"\t\t<div data-elementor-type=\"wp-page\" data-elementor-id=\"57\" class=\"elementor elementor-57\">\n\t\t\t\t<div class=\"elementor-element elementor-element-b58ea7e e-con-full e-flex e-con e-parent\" data-id=\"b58ea7e\" data-element_type=\"container\">\n\t\t\t\t<div class=\"elementor-element elementor-element-83fcc1e elementor-widget elementor-widget-image\" data-id=\"83fcc1e\" data-element_type=\"widget\" data-widget_type=\"image.default\">\n\t\t\t\t<div class=\"elementor-widget-container\">\n\t\t\t\t\t\t\t\t\t\t\t\t\t\t\t<img fetchpriority=\"high\" decoding=\"async\" width=\"480\" height=\"320\" src=\"https:\/\/xn--mhle-ramiswil-wob.ch\/cms\/wp-content\/uploads\/2024\/06\/12160463-2022-024013-e4da3.jpg\" class=\"attachment-medium_large size-medium_large wp-image-59\" alt=\"\" srcset=\"https:\/\/xn--mhle-ramiswil-wob.ch\/cms\/wp-content\/uploads\/2024\/06\/12160463-2022-024013-e4da3.jpg 480w, https:\/\/xn--mhle-ramiswil-wob.ch\/cms\/wp-content\/uploads\/2024\/06\/12160463-2022-024013-e4da3-300x200.jpg 300w\" sizes=\"(max-width: 480px) 100vw, 480px\" \/>\t\t\t\t\t\t\t\t\t\t\t\t\t\t\t<\/div>\n\t\t\t\t<\/div>\n\t\t\t\t<\/div>\n\t\t<div class=\"elementor-element elementor-element-ea986ce e-flex e-con-boxed e-con e-parent\" data-id=\"ea986ce\" data-element_type=\"container\">\n\t\t\t\t\t<div class=\"e-con-inner\">\n\t\t\t\t<div class=\"elementor-element elementor-element-2bc95af elementor-widget elementor-widget-text-editor\" data-id=\"2bc95af\" data-element_type=\"widget\" data-widget_type=\"text-editor.default\">\n\t\t\t\t<div class=\"elementor-widget-container\">\n\t\t\t\t\t\t\t\t\t<p><strong><span style=\"color: #333333;\">Die M\u00fchle Ramiswil<\/span><\/strong><br \/><span style=\"color: #333333;\">(Geschichtspatentarbeit 1975, von Marie-Louise Haefeli, 3b)<\/span><\/p><p><strong><span style=\"color: #333333;\">Der Erbauer der M\u00fchle<\/span><\/strong><\/p><p><strong><span style=\"color: #333333;\">Falkenstein-Schreiben vom 7. November 1585<\/span><\/strong><br \/><span style=\"color: #333333;\">In den vergangenen rauhen Wintern habe der Landamann durch die gefrornen stllstehenden M\u00fchlen viel Schaden erlitten. Hans Gasser, des Sagers, sinnreiche Vernunft im Bauen sei bekannt. Er m\u00f6chte eine M\u00fchle errichten, Habe n\u00e4mlich ein zur Winterszeit unabgehendes warmes Wasser gefunden, das er zu seinem Haus leiten k\u00f6nnte.<\/span><\/p><p><span style=\"color: #333333;\"><strong>Ausschnitt aus dem Ratsmanual<\/strong> (Band 89, Seite 264)<\/span><br \/><span style=\"color: #333333;\">Uebersetzung: 1585.XI.8. &#171;in bedencken es der bergl\u00fcthen nutz und beg\u00e4ren, ouch die m\u00fcle zu M\u00fcmliswil nitt allw\u00e4gen g\u00e4ng ist, darzu minen herren keinen Bodenzins gipt&#187; wird Hans Gasser von Ramiswil erlaubt, die begehrte M\u00fchle bei seinem Haus aufzurichten, &#171;der Zuversicht, die \u00fcbrigen m\u00fcller verdindt ires eignen nutzes willen den gemeinen nitt verhindern w\u00f6llen.&#187;<\/span><br \/><span style=\"color: #333333;\">Nun begann also Hans Gasser mit dem Bau seiner M\u00fchle im Dub; eben in der Hoffnung, dem M\u00fcller zu Balsthal keinen Schaden anzutun.<\/span><\/p><p><strong><span style=\"color: #333333;\">Falkenstein-Schreiben vom 21. Juli 1588<\/span><\/strong><br \/><span style=\"color: #333333;\">Die M\u00fchle des Hans Gasser im Dub, deren Bau vor zwei Jahren bewilligt worden, habe sich bew\u00e4rt. Es m\u00f6ge nun Bodenzins darauf geschlagen werden. Die ersten zwei Jahreszinse m\u00f6gen geschenkt werden.<\/span><\/p><p><span style=\"color: #333333;\"><strong>Ratsmanual<\/strong> (Band 99, Seite 102)<\/span><br \/><span style=\"color: #333333;\">27. Februar 1595: Die M\u00fcller von M\u00fcmliswil, Matzendorf und Balsthal klagen gegen Hans Gasser, der eine neue (zweite) M\u00fchle bauen will. Sie bitten den Vogt zu Falkenstein, Hans Gasser diesen Bau zu verbieten.<\/span><\/p><p><strong><span style=\"color: #333333;\">Falkenstein-Schreiben vom 25. Mai 1595<\/span><\/strong><br \/><span style=\"color: #333333;\">Landvogt Hans Jakob Gibelin, an Schultheiss und Rat.<\/span><br \/><span style=\"color: #333333;\">Hans Gasser, der M\u00fcller im Dub, beschwert sich gegen die M\u00fcller von Balsthal und M\u00fcmliswil, weil sie vorgeben, er wolle zu Ramiswiil noch eine zweite M\u00fchle errichten. Dabei gehe es nur darum, ein und dieselbe M\u00fchle an einen andern Ort zu versetzen. Mit Beilage: Hans Gasser m\u00f6chte dass ihm der Huwelrein verliehen wird.<\/span><\/p><p><span style=\"color: #333333;\"><strong>Ratsmanual<\/strong> (Band 99, Seite 273)<\/span><br \/><span style=\"color: #333333;\">26. Mai 1595: Wenn Hans Gasser die 4 M\u00fctt Kernen geben will, wenn man ihn die M\u00fchle auf sein Gut zu Ramiswil setzen l\u00e4sst, erteilen ihm gn. H. Erlaubnis dazu unter der Bedingung, dass er diejenige M\u00fchle, die er vorher gebaut hat, &#171;hinwegtut&#187;.<\/span><br \/><span style=\"color: #333333;\">Offensichtlich w\u00fcrde die Verlegung der M\u00fchle nach Ramiswil dem M\u00fcller Joggi V\u00f6geli zu M\u00fcmliswil Schaden verrichten, denn Hans Gasser ger\u00e4t mit demselben in einen Streit.<\/span><\/p><p><strong><span style=\"color: #333333;\">Falkenstein-Schreiben vom 9. Juli 1595<\/span><\/strong><br \/><span style=\"color: #333333;\">Hans Gasser beschwert sich wegen Joggi V\u00f6geli, dem M\u00fcller zu M\u00fcmliswil und Bittet, man m\u00f6ge sein Leben nicht beeintr\u00e4chtigen und ihm auch weiterhin bewilligen in der Kirchh\u00f6ri M\u00fcmliswil z\u2019M\u00fchle zu fahren.<\/span><\/p><p><span style=\"color: #333333;\"><strong>Aehnlich steht es im Ratsmanual<\/strong> (Band 99, Seite 407)<\/span><br \/><span style=\"color: #333333;\">27. Juli 1595: Klage Hans Gasser, des M\u00fcllers von Ramiswil gegen denjenigen von M\u00fcmliswil, der &#171;ime hinderr\u00fccks ussbracht dass er sin m\u00fcli nit m\u00f6ge verenderen, unangesehen dass er angenommen wie min Herren daruf geschlagen&#187;.<\/span><\/p><p><span style=\"color: #333333;\"><strong>Ratsmanual<\/strong> (Band 99, Seite 418)<\/span><br \/><span style=\"color: #333333;\">31. Juli 1595: Austrag des Streites zwischen Hans Gasser und Joggi V\u00f6geli; Hans Gasser wird erlaubt, seine M\u00fchle zu verr\u00fccken, da dies bereits im Urbar eingeschrieben ist. &#171;Er soll sich an siner M\u00fchliweydt ersettigen&#187; und andere in ihren M\u00fchlen ruhig lassen.<\/span><br \/><span style=\"color: #333333;\">Im Jahre 1596 wurde also die neue (Jetzige ?) M\u00fchle in Ramiswil drunten erbaut.<\/span><\/p><p><strong><span style=\"color: #333333;\">Vogtrechnung Falkenstein<\/span><\/strong><br \/><span style=\"color: #333333;\">1588 Hans Gasser bezahlt 2 M\u00fctt Kerne (1 M\u00fctt = 60 Liter) Bodenzins f\u00fcr seine erste M\u00fchle im Dub.<\/span><br \/><span style=\"color: #333333;\">1598 Hans Gasser gibt vom neuen Wasserfall zu Ramiswil 2 M\u00fctt Kernen.<\/span><\/p><p><strong><span style=\"color: #333333;\">Die Besitzer der M\u00fchle<\/span><\/strong><br \/><span style=\"color: #333333;\">Nach Hans Gasser \u00fcbernahm (sein Sohn) Jakob Gasser die M\u00fchle in Ramiswil.<\/span><\/p><p><strong><span style=\"color: #333333;\">Vogtrechnung Falkenstein<\/span><\/strong><br \/><span style=\"color: #333333;\">1642 Jakob Gasser bezahlte 4 M\u00fctt Kernen Bodenzins f\u00fcr seine M\u00fchle.<\/span><\/p><p><strong><span style=\"color: #333333;\">Teilung 16. Januar 1666<\/span><\/strong><br \/><span style=\"color: #333333;\">16. Januar 1666 Die drei S\u00f6hne Jakob Gasses: Jakob, Peter und Hans, sollten die M\u00fchle und zugleich auch die Schulden des Vaters erben. Jeder der drei Br\u00fcder sollte ihren beiden Schwestern je 733 Pfund, 6 Schilling und 8 Denar ausbezahlen.<\/span><br \/><span style=\"color: #333333;\">Nach dem Tode des Vaters Jakob \u00fcbernahm Sohn Jakob die M\u00fchle sammt den Schulden des Vaters von: 4715 Gulden<\/span><br \/><span style=\"color: #333333;\">(1 Gulde = 2 Pfund) und 12,5 Batzen.<\/span><br \/><span style=\"color: #333333;\">Peter und Hans wurden von ihm ausbezahlt: je 700 Gulden.<\/span><br \/><span style=\"color: #333333;\">1706 kaufte Marty Altermatt die M\u00fchle in Ramiswil.<\/span><\/p><p><strong><span style=\"color: #333333;\">Vogtrechnung Falkenstein<\/span><\/strong><br \/><span style=\"color: #333333;\">Marty Altermatt bezahlte 3 Pfund und 4 M\u00fctt Kerne Bodenzins an die Vogtei Falkenstein.<\/span><br \/><span style=\"color: #333333;\">1734 \u00fcbernahm Adam Altermatt die M\u00fchle.<\/span><br \/><span style=\"color: #333333;\">1761 \u00fcbernahm Ludi Altermatt die M\u00fchle<\/span><\/p><p><strong><span style=\"color: #333333;\">Vogtrechnung Falkenstein<\/span><\/strong><br \/><span style=\"color: #333333;\">Adam und Ludi Altermatt bezahlten wie Marty Altermatt 3 Pfund und 4 M\u00fctt Kernen Bodenzins.<\/span><br \/><span style=\"color: #333333;\">Sp\u00e4ter kaufte Johann Kofmehl von Deitingen die M\u00fchle in Ramiswil.<\/span><\/p><p><span style=\"color: #333333;\">Falkenstein-Schreiben 3. November 1778<\/span><br \/><span style=\"color: #333333;\">Johannes Kofmehl der M\u00fcller zu Ramiswil, bittet um Bauholz, da sein Haus bis auf die Mauern eingest\u00fcrzt ist. Er will auf die schon bestehenden Mauern bauen.<\/span><br \/><span style=\"color: #333333;\">Johannes Kofmehls Nachfolger war (sein Sohnr ?) Urs Kofmehl, der am 3. Dezember 1810 seine M\u00fchle, 2 Mahlh\u00e4ufen, ca. 12 Jucharten Mattland 2 St\u00fcck, ca 4 Juchaten Waldung versteigern lassen musste.<\/span><br \/><span style=\"color: #333333;\">Der K\u00e4ufer der M\u00fchle war Ulrich Kofmehl (Bruder von Urs). Er Kaufte die M\u00fchli f\u00fcr 5&#8217;500 Gulden, und musste sie am 23. M\u00e4rz 1812 ebenfalls versteiern lassen.<\/span><br \/><span style=\"color: #333333;\">Der K\u00e4ufer war Johann Jakob H\u00e4feli (Bruder der Gemahlin von Ulrich Kofmehl). Er bezahlte 8250 Gulden f\u00fcr die M\u00fchle selbst mit zwei Mahlh\u00e4ufen und einer R\u00f6lle samt Griesst\u00e4ube und das Recht zu einer Hanfreibe No 1 einer Scheuer und Bestallung No 2, wie auch etwa zw\u00f6lf M\u00e4\u00e4der Matten, 2 Jucharten Wald in des Hauses Berg und zwei Jucharten Wald in dem Neuhausberg und ein St\u00fcck Garten ob der Strasse.<\/span><br \/><span style=\"color: #333333;\">9. Februar 1820 Besitzer: Johann Jakob H\u00e4feli (selig) Kinder, von M\u00fcmliswil laut Inventar.<\/span><br \/><span style=\"color: #333333;\">29. Sept. 1842 Besitzer: Joseph H\u00e4feli (Sohn Johann Jakobs selig) laut Mutters Inventar und lebzeitige Teilung.<\/span><br \/><span style=\"color: #333333;\">12.\/19. Nov. 1863 Besitzer: Martin H\u00e4feli (Sohn Josephs laut Inventar und lebzeitige Teilung der Eltern.<\/span><br \/><span style=\"color: #333333;\">18. Januar 1865 Besitzer: Gregor H\u00e4feli (auch Sohn Josephs) laut Inventar und Auskauf.<\/span><br \/><span style=\"color: #333333;\">1. Juli 1879 Besitzer: Joseph H\u00e4feli (auch Sohn Josephs) laut Geldstag.<\/span><br \/><span style=\"color: #333333;\">23. Juli \/ Besitzerin: Maria Elisabeth H\u00e4feli geborene Flury, Ehefrau des<\/span><br \/><span style=\"color: #333333;\">1. Sept. 1892 vorgenannten Josephs H\u00e4feli (Sohn Josephs selig) laut Pf\u00e4ndung.<\/span><br \/><span style=\"color: #333333;\">29. Oktober 1899 Besitzer: Arthur H\u00e4feli (Josephs Sohn, und Viehh\u00e4ndler in Ramiswil) lauf Kauf.<\/span><br \/><span style=\"color: #333333;\">29. Mai 1929 Besitzer: Otto H\u00e4feli (Arthrus Sohn, M\u00fcller und Landwirt) von M\u00fcmliswil in Ramiswil laut Kauf.<\/span><br \/><span style=\"color: #333333;\">(Teil-Abschrift von Gerhard Scacchi, M\u00fcmliswil)<\/span><\/p><p><strong><span style=\"color: #333333;\">M\u00fchlebesitzerin: Einwohnergemeinde M\u00fcmliswil-Ramiswil<\/span><\/strong><br \/><span style=\"color: #333333;\">Im Jahre 1990 hat sich der letzte M\u00fcller, Otto H\u00e4feli-Tschumi entschlossen, das historisch wertvolle und unter Schutz stehende Geb\u00e4ude der Einwohnergemeinde M\u00fcmliswil-Ramiswil zu verkaufen. Die Budgetgemeindeversammlung vom 12. Dezember 1990 hat dem Kauf der M\u00fchle Ramiswil zugestimmt.<\/span><\/p><p><strong><span style=\"color: #333333;\">Verein M\u00fchle Ramiswil<\/span><\/strong><br \/><span style=\"color: #333333;\">Am 4. Juni 1991 wurde der Verein M\u00fchle Ramiswil gegr\u00fcndet. Dieser Verein bezweckt im Auftrag der Einwohnergemeinde, die M\u00fchle und die Einrichtungen zu erhalten und der \u00d6ffentlichkeit zug\u00e4nglich zu machen.<\/span><\/p><p><strong><span style=\"color: #333333;\">Wichtige bauliche Erneuerungen<\/span><\/strong><br \/><span style=\"color: #333333;\">1778 nach dem Einsturz des alten Dachstuhls wurde wahrscheinlich von Johannes Kofmehl der heutige, massive und noch gut erhaltene Dachstuhl aufgerichtet.<\/span><br \/><span style=\"color: #333333;\">1917 als der Wengelbaum des Wasserrades kaputt ging, wurde die M\u00fchleeinrichtung modernisiert und eine Turbine eingebaut. Diese Turbine hat heute die Funktion eines Kleinkraftwerkes und erzeugt j\u00e4hrlich ca. 30&#8217;000 kW Strom, der ins Netz der Elektra Guldental eingespiesen wird.<\/span><br \/><span style=\"color: #333333;\">Infolge der defekten Dachuntersicht stiess man 1953 bei Reparaturarbeiten an der Nordfassade unter dem Verputz auf Farbreste, die unter anderem den urspr\u00fcnglichen Fassadenschmuck aus dem Erbauungsjahr der M\u00fchle (1596), eine Malerei in Caput mortum, erkennen liessen. Dazu brachten die Arbeiten \u00fcberdies ein vollkommenes Fenstersystem mit gotischer Staffelung und Fensters\u00e4ule sowie das urspr\u00fcngliche, im richtigen Massstab dimensionierte Balkenwerk auf der Giebelseite zu Tage. Die Wiederherstellung dieser rustikalen Renaissance-Fasade war ein einzigartiger Gl\u00fccksfall.<\/span><br \/><span style=\"color: #333333;\">Der Verein M\u00fchle Ramiswil hat inzwischen auch einige Unterhalts-Arbeiten vorgenommen. So wurde die Br\u00fccke \u00fcber den Ramiswilerbach neu erstellt, das Kanalwehr erneuert und der Kanal ausgehoben. Auch die M\u00fchlestube wurde einer umfassenden Renovation unterzogen.<\/span><br \/><span style=\"color: #333333;\">Die Sanierung des M\u00fchledaches ist ebenfalls abgeschlossen.<\/span><\/p>\t\t\t\t\t\t\t\t<\/div>\n\t\t\t\t<\/div>\n\t\t\t\t\t<\/div>\n\t\t\t\t<\/div>\n\t\t\t\t<\/div>\n\t\t","protected":false},"excerpt":{"rendered":"<p>Die M\u00fchle Ramiswil(Geschichtspatentarbeit 1975, von Marie-Louise Haefeli, 3b) Der Erbauer der M\u00fchle Falkenstein-Schreiben vom 7. November 1585In den vergangenen rauhen Wintern habe der Landamann durch die gefrornen stllstehenden M\u00fchlen viel Schaden erlitten. Hans Gasser, des Sagers, sinnreiche Vernunft im Bauen sei bekannt. Er m\u00f6chte eine M\u00fchle errichten, Habe n\u00e4mlich ein zur Winterszeit unabgehendes warmes Wasser&hellip;&nbsp;<a href=\"https:\/\/xn--mhle-ramiswil-wob.ch\/cms\/?page_id=57\" rel=\"bookmark\">Weiterlesen &raquo;<span class=\"screen-reader-text\">Geschichte<\/span><\/a><\/p>\n","protected":false},"author":1,"featured_media":0,"parent":0,"menu_order":0,"comment_status":"closed","ping_status":"closed","template":"page-templates\/template-pagebuilder-full-width.php","meta":{"neve_meta_sidebar":"","neve_meta_container":"","neve_meta_enable_content_width":"","neve_meta_content_width":0,"neve_meta_title_alignment":"","neve_meta_author_avatar":"","neve_post_elements_order":"","neve_meta_disable_header":"","neve_meta_disable_footer":"","neve_meta_disable_title":"","footnotes":""},"class_list":["post-57","page","type-page","status-publish","hentry"],"_links":{"self":[{"href":"https:\/\/xn--mhle-ramiswil-wob.ch\/cms\/index.php?rest_route=\/wp\/v2\/pages\/57","targetHints":{"allow":["GET"]}}],"collection":[{"href":"https:\/\/xn--mhle-ramiswil-wob.ch\/cms\/index.php?rest_route=\/wp\/v2\/pages"}],"about":[{"href":"https:\/\/xn--mhle-ramiswil-wob.ch\/cms\/index.php?rest_route=\/wp\/v2\/types\/page"}],"author":[{"embeddable":true,"href":"https:\/\/xn--mhle-ramiswil-wob.ch\/cms\/index.php?rest_route=\/wp\/v2\/users\/1"}],"replies":[{"embeddable":true,"href":"https:\/\/xn--mhle-ramiswil-wob.ch\/cms\/index.php?rest_route=%2Fwp%2Fv2%2Fcomments&post=57"}],"version-history":[{"count":10,"href":"https:\/\/xn--mhle-ramiswil-wob.ch\/cms\/index.php?rest_route=\/wp\/v2\/pages\/57\/revisions"}],"predecessor-version":[{"id":293,"href":"https:\/\/xn--mhle-ramiswil-wob.ch\/cms\/index.php?rest_route=\/wp\/v2\/pages\/57\/revisions\/293"}],"wp:attachment":[{"href":"https:\/\/xn--mhle-ramiswil-wob.ch\/cms\/index.php?rest_route=%2Fwp%2Fv2%2Fmedia&parent=57"}],"curies":[{"name":"wp","href":"https:\/\/api.w.org\/{rel}","templated":true}]}}